{"id":938,"date":"2024-12-04T00:38:52","date_gmt":"2024-12-04T00:38:52","guid":{"rendered":"https:\/\/torrubia.mx\/?page_id=938"},"modified":"2024-12-04T00:47:49","modified_gmt":"2024-12-04T00:47:49","slug":"aviso-de-privacidad","status":"publish","type":"page","link":"https:\/\/torrubia.mx\/?page_id=938","title":{"rendered":"Aviso de Privacidad"},"content":{"rendered":"\t\t<div data-elementor-type=\"wp-page\" data-elementor-id=\"938\" class=\"elementor elementor-938\" data-elementor-post-type=\"page\">\n\t\t\t\t<div class=\"elementor-element elementor-element-2845d34 e-flex e-con-boxed e-con e-parent\" data-id=\"2845d34\" data-element_type=\"container\">\n\t\t\t\t\t<div class=\"e-con-inner\">\n\t\t\t\t<div class=\"elementor-element elementor-element-1b715b7 elementor-widget elementor-widget-spacer\" data-id=\"1b715b7\" data-element_type=\"widget\" data-widget_type=\"spacer.default\">\n\t\t\t\t<div class=\"elementor-widget-container\">\n\t\t\t\t\t\t\t<div class=\"elementor-spacer\">\n\t\t\t<div class=\"elementor-spacer-inner\"><\/div>\n\t\t<\/div>\n\t\t\t\t\t\t<\/div>\n\t\t\t\t<\/div>\n\t\t\t\t<div class=\"elementor-element elementor-element-8db3a54 elementor-widget elementor-widget-heading\" data-id=\"8db3a54\" data-element_type=\"widget\" data-widget_type=\"heading.default\">\n\t\t\t\t<div class=\"elementor-widget-container\">\n\t\t\t\t\t<h2 class=\"elementor-heading-title elementor-size-default\">AVISO DE PRIVACIDAD<\/h2>\t\t\t\t<\/div>\n\t\t\t\t<\/div>\n\t\t\t\t<div class=\"elementor-element elementor-element-62a2624 elementor-widget elementor-widget-heading\" data-id=\"62a2624\" data-element_type=\"widget\" data-widget_type=\"heading.default\">\n\t\t\t\t<div class=\"elementor-widget-container\">\n\t\t\t\t\t<h2 class=\"elementor-heading-title elementor-size-default\">\u00bfQUI\u00c9NES SOMOS?<\/h2>\t\t\t\t<\/div>\n\t\t\t\t<\/div>\n\t\t\t\t<div class=\"elementor-element elementor-element-3235fc5 elementor-widget elementor-widget-text-editor\" data-id=\"3235fc5\" data-element_type=\"widget\" data-widget_type=\"text-editor.default\">\n\t\t\t\t<div class=\"elementor-widget-container\">\n\t\t\t\t\t\t\t\t\t<p class=\"p1\"><b>APOYOS E IMPULSOS AL MEXICANO TRABAJADOR, S.A.P.I. DE C.V., SOFOM, E.N.R.<\/b> (en adelante TORRUBIA), con domicilio en Cubilete 45, Colonia Chapalita Sur, C.P. 45040, Zapopan, Jalisco, en t\u00e9rminos de lo dispuesto por la Ley Federal de Protecci\u00f3n de Datos Personales en Posesi\u00f3n de los Particulares y su Reglamento, extendemos el presente Aviso de Privacidad con motivo del tratamiento de los datos personales que recabemos o podamos recabar como consecuencia su inter\u00e9s en convertirse en nuestro cliente.<\/p>\t\t\t\t\t\t\t\t<\/div>\n\t\t\t\t<\/div>\n\t\t\t\t<div class=\"elementor-element elementor-element-7d15d25 elementor-widget elementor-widget-heading\" data-id=\"7d15d25\" data-element_type=\"widget\" data-widget_type=\"heading.default\">\n\t\t\t\t<div class=\"elementor-widget-container\">\n\t\t\t\t\t<h2 class=\"elementor-heading-title elementor-size-default\">\u00bfQU\u00c9 DATOS PERSONALES RECABAMOS O PODEMOS RECABAR?<\/h2>\t\t\t\t<\/div>\n\t\t\t\t<\/div>\n\t\t\t\t<div class=\"elementor-element elementor-element-5635720 elementor-widget elementor-widget-text-editor\" data-id=\"5635720\" data-element_type=\"widget\" data-widget_type=\"text-editor.default\">\n\t\t\t\t<div class=\"elementor-widget-container\">\n\t\t\t\t\t\t\t\t\t<p class=\"p1\">Derivado en su inter\u00e9s en nuestros productos de cr\u00e9dito, en <b>TORRUBIA<\/b>, recabaremos o podemos recabar los siguientes datos personales: Nombre Completo, Domicilio, N\u00famero telef\u00f3nico (fijo y\/o m\u00f3vil), Cuenta de Correo Electr\u00f3nico (en su caso), Lugar de Trabajo, Domicilio de su lugar de Trabajo, y otros datos contenidos en nuestra solicitud de cr\u00e9dito, necesarios para el an\u00e1lisis de procedencia y en su caso otorgamiento de cr\u00e9dito en cumplimiento de las finalidades del presente Aviso de Privacidad.<\/p>\t\t\t\t\t\t\t\t<\/div>\n\t\t\t\t<\/div>\n\t\t\t\t<div class=\"elementor-element elementor-element-8c56281 elementor-widget elementor-widget-heading\" data-id=\"8c56281\" data-element_type=\"widget\" data-widget_type=\"heading.default\">\n\t\t\t\t<div class=\"elementor-widget-container\">\n\t\t\t\t\t<h2 class=\"elementor-heading-title elementor-size-default\">DATOS PERSONALES FINANCIEROS\/PATRIMONIALES:<\/h2>\t\t\t\t<\/div>\n\t\t\t\t<\/div>\n\t\t\t\t<div class=\"elementor-element elementor-element-e63a79d elementor-widget elementor-widget-text-editor\" data-id=\"e63a79d\" data-element_type=\"widget\" data-widget_type=\"text-editor.default\">\n\t\t\t\t<div class=\"elementor-widget-container\">\n\t\t\t\t\t\t\t\t\t<p class=\"p1\">En el entendido que los Datos Personales Financieros o Patrimoniales son aquellos que involucran los bienes y la esfera patrimonial de su titular, hacemos de su conocimiento que dada la naturaleza de la relaci\u00f3n jur\u00eddica que probablemente se genere entre usted y <b>TORRUBIA<\/b>, para el cumplimiento de las finalidades expuestas en este Aviso de Privacidad, recabaremos o podemos recabar los siguientes Datos Personales Financieros\/Patrimoniales, seg\u00fan corresponda: Ingreso Mensual, Situaci\u00f3n Financiera, Historial Crediticio, Registro Federal de Contribuyentes (RFC) y\/o Domicilio Fiscal.<\/p>\t\t\t\t\t\t\t\t<\/div>\n\t\t\t\t<\/div>\n\t\t\t\t<div class=\"elementor-element elementor-element-48f9ea7 elementor-widget elementor-widget-heading\" data-id=\"48f9ea7\" data-element_type=\"widget\" data-widget_type=\"heading.default\">\n\t\t\t\t<div class=\"elementor-widget-container\">\n\t\t\t\t\t<h2 class=\"elementor-heading-title elementor-size-default\">NUESTRO COMPROMISO CON SUS DATOS PERSONALES:<\/h2>\t\t\t\t<\/div>\n\t\t\t\t<\/div>\n\t\t\t\t<div class=\"elementor-element elementor-element-35955c6 elementor-widget elementor-widget-text-editor\" data-id=\"35955c6\" data-element_type=\"widget\" data-widget_type=\"text-editor.default\">\n\t\t\t\t<div class=\"elementor-widget-container\">\n\t\t\t\t\t\t\t\t\t<p class=\"p1\">Hacemos de su conocimiento, que en <b>TORRUBIA<\/b> trataremos y resguardaremos sus Datos Personales con base en los principios de licitud, calidad, consentimiento, informaci\u00f3n, finalidad, lealtad, proporcionalidad y responsabilidad, consagrados en la Ley Federal de Protecci\u00f3n de Datos Personales en Posesi\u00f3n de los Particulares y su Reglamento.<\/p>\t\t\t\t\t\t\t\t<\/div>\n\t\t\t\t<\/div>\n\t\t\t\t<div class=\"elementor-element elementor-element-a31d77a elementor-widget elementor-widget-heading\" data-id=\"a31d77a\" data-element_type=\"widget\" data-widget_type=\"heading.default\">\n\t\t\t\t<div class=\"elementor-widget-container\">\n\t\t\t\t\t<h2 class=\"elementor-heading-title elementor-size-default\">\u00bfQU\u00c9 FINALIDADES TENDR\u00c1 EL TRATAMIENTO DE SUS DATOS PERSONALES?<\/h2>\t\t\t\t<\/div>\n\t\t\t\t<\/div>\n\t\t\t\t<div class=\"elementor-element elementor-element-160c068 elementor-widget elementor-widget-text-editor\" data-id=\"160c068\" data-element_type=\"widget\" data-widget_type=\"text-editor.default\">\n\t\t\t\t<div class=\"elementor-widget-container\">\n\t\t\t\t\t\t\t\t\t<p class=\"p1\">Trataremos los Datos Personales descritos en el presente Aviso de Privacidad, para las siguientes finalidades:<\/p><ol class=\"ol1\"><li class=\"li1\">Registrarlo como nuestro posible cliente, y en caso de contratar uno de nuestros productos financieros, tenerlo en nuestra base de datos de clientes.<br \/><br \/><\/li><li class=\"li1\">Mantener comunicaci\u00f3n en caso de que se convierta en uno de nuestros clientes, para los efectos de la relaci\u00f3n jur\u00eddica que surja entre usted y <b>TORRUBIA<\/b>.<br \/><br \/><\/li><li class=\"li2\">Analizar la viabilidad de otorgarle un cr\u00e9dito; elaborar contratos; realizar los procedimientos de identificaci\u00f3n del cliente previstos en la regulaci\u00f3n financiera, as\u00ed como en materia de prevenci\u00f3n de lavado de dinero; y en t\u00e9rminos generales cumplir con cualquier obligaci\u00f3n legal que derive de la relaci\u00f3n jur\u00eddica o contractual que nos vincule con usted.<\/li><\/ol><p>\u00a0<\/p>\t\t\t\t\t\t\t\t<\/div>\n\t\t\t\t<\/div>\n\t\t\t\t<div class=\"elementor-element elementor-element-fde4106 elementor-widget elementor-widget-heading\" data-id=\"fde4106\" data-element_type=\"widget\" data-widget_type=\"heading.default\">\n\t\t\t\t<div class=\"elementor-widget-container\">\n\t\t\t\t\t<h2 class=\"elementor-heading-title elementor-size-default\">\u00bfC\u00d3MO RESGUARDAREMOS SUS DATOS PERSONALES?<\/h2>\t\t\t\t<\/div>\n\t\t\t\t<\/div>\n\t\t\t\t<div class=\"elementor-element elementor-element-14cde29 elementor-widget elementor-widget-text-editor\" data-id=\"14cde29\" data-element_type=\"widget\" data-widget_type=\"text-editor.default\">\n\t\t\t\t<div class=\"elementor-widget-container\">\n\t\t\t\t\t\t\t\t\t<p class=\"p1\">En <b>TORRUBIA<\/b>, tenemos el compromiso de resguardar sus Datos Personales bajo estrictas medidas de seguridad f\u00edsicas, administrativas y t\u00e9cnicas, las cuales han sido implementadas con el objeto de protegerlos contra da\u00f1o, p\u00e9rdida, alteraci\u00f3n o destrucci\u00f3n, as\u00ed como para evitar su uso, acceso o tratamiento no autorizados.<\/p>\t\t\t\t\t\t\t\t<\/div>\n\t\t\t\t<\/div>\n\t\t\t\t<div class=\"elementor-element elementor-element-f4db327 elementor-widget elementor-widget-heading\" data-id=\"f4db327\" data-element_type=\"widget\" data-widget_type=\"heading.default\">\n\t\t\t\t<div class=\"elementor-widget-container\">\n\t\t\t\t\t<h2 class=\"elementor-heading-title elementor-size-default\">OPCIONES\/MEDIOS PARA LIMITAR EL USO O DIVULGACI\u00d3N DE SUS DATOS PERSONALES: \n<\/h2>\t\t\t\t<\/div>\n\t\t\t\t<\/div>\n\t\t\t\t<div class=\"elementor-element elementor-element-665c1a1 elementor-widget elementor-widget-text-editor\" data-id=\"665c1a1\" data-element_type=\"widget\" data-widget_type=\"text-editor.default\">\n\t\t\t\t<div class=\"elementor-widget-container\">\n\t\t\t\t\t\t\t\t\t<p>En caso de que desee limitar total o parcialmente los Datos Personales que nos proporcione, podr\u00e1 solicitarlo de conformidad con el siguiente procedimiento:<\/p><ol class=\"ol1\"><li class=\"li1\">Debe enviar un correo electr\u00f3nico a la direcci\u00f3n de correo electr\u00f3nico <a href=\"mailto:transparencia@torrubia.mx\"><span class=\"s1\">transparencia@torrubia.mx<\/span><\/a> indicando como Asunto el siguiente: <i>\u201cLimitaci\u00f3n de Uso o Divulgaci\u00f3n\u201d<\/i>; debiendo incluir: nombre completo, domicilio, correo electr\u00f3nico y un tel\u00e9fono podamos localizarlo.<br \/><br \/><\/li><li class=\"li1\">Una vez realizado lo anterior, le haremos llegar un formato que hemos elaborado para su conveniencia, mismo que podr\u00e1 llenar sin ninguna dificultad.<br \/><br \/><\/li><li class=\"li1\">Deber\u00e1 enviar junto con el formato, copia o escaneo de su identificaci\u00f3n oficial con fotograf\u00eda vigente. Adicionalmente, en caso de ser apoderado del titular de datos personales, usted deber\u00e1 adicionar una copia de la escritura p\u00fablica o carta poder otorgada ante dos testigos, donde consten sus facultades para actuar en nombre del titular.<p><i><br \/>Nota:<\/i> Podremos requerirle el original de dichos documentos para su cotejo al momento de entregar la respuesta respectiva y hacerla efectiva.<\/p><\/li><li class=\"li1\">Nuestro Oficial de Privacidad, responder\u00e1 a su solicitud dentro de los veinte d\u00edas h\u00e1biles posteriores a la fecha en que reciba el correo electr\u00f3nico con el formato debidamente requisitado y la documentaci\u00f3n solicitada.<br \/><br \/><\/li><li class=\"li1\">Una vez que le hayamos comunicado la respuesta a su solicitud, nuestro Oficial de Privacidad contar\u00e1 con un plazo de quince d\u00edas h\u00e1biles para hacer efectiva la respuesta que se le proporcion\u00f3, y le informar\u00e1 cuando ello haya sido realizado.<br \/><br \/><\/li><li class=\"li1\">Siempre y cuando no exista impedimento legal alguno que nos impida efectuar la limitaci\u00f3n que usted solicite, lo incluiremos en nuestro listado de exclusi\u00f3n y no trataremos sus Datos Personales para dichas finalidades, salvo que nuevamente usted nos lo solicite por escrito.<br \/><br \/><\/li><\/ol><p class=\"p3\">Para mayor informaci\u00f3n, puede ponerse en contacto con nuestro Oficial de Privacidad mediante el tel\u00e9fono 3315163153 o el correo electr\u00f3nico: <a href=\"mailto:transparencia@torrubia.mx\"><span class=\"s1\">transparencia@torrubia.mx<\/span><\/a><\/p>\t\t\t\t\t\t\t\t<\/div>\n\t\t\t\t<\/div>\n\t\t\t\t<div class=\"elementor-element elementor-element-ee6a959 elementor-widget elementor-widget-heading\" data-id=\"ee6a959\" data-element_type=\"widget\" data-widget_type=\"heading.default\">\n\t\t\t\t<div class=\"elementor-widget-container\">\n\t\t\t\t\t<h2 class=\"elementor-heading-title elementor-size-default\">MEDIOS PARA EJERCER SUS DERECHOS \u201cA.R.C.O.\u201d  (ACCESO, RECTIFICACI\u00d3N, CANCELACI\u00d3N Y OPOSICI\u00d3N). <\/h2>\t\t\t\t<\/div>\n\t\t\t\t<\/div>\n\t\t\t\t<div class=\"elementor-element elementor-element-92b5be2 elementor-widget elementor-widget-text-editor\" data-id=\"92b5be2\" data-element_type=\"widget\" data-widget_type=\"text-editor.default\">\n\t\t\t\t<div class=\"elementor-widget-container\">\n\t\t\t\t\t\t\t\t\t<p class=\"p1\">Usted podr\u00e1 ejercer sus derechos \u201cA.R.C.O.\u201d en cualquier momento, a trav\u00e9s de los formatos que hemos elaborado para su conveniencia y que puede solicitarlo el tel\u00e9fono 3315163153 o el correo electr\u00f3nico: <a href=\"mailto:transparencia@torrubia.mx\"><span class=\"s1\">transparencia@torrubia.mx<\/span><\/a>. De igual manera, usted podr\u00e1 consultar el procedimiento para ejercer cualquiera de estos derechos en el formato que le proporcionaremos para tales efectos.<\/p>\t\t\t\t\t\t\t\t<\/div>\n\t\t\t\t<\/div>\n\t\t\t\t<div class=\"elementor-element elementor-element-ea1c817 elementor-widget elementor-widget-heading\" data-id=\"ea1c817\" data-element_type=\"widget\" data-widget_type=\"heading.default\">\n\t\t\t\t<div class=\"elementor-widget-container\">\n\t\t\t\t\t<h2 class=\"elementor-heading-title elementor-size-default\">TRANSFERENCIA DE DATOS PERSONALES: <\/h2>\t\t\t\t<\/div>\n\t\t\t\t<\/div>\n\t\t\t\t<div class=\"elementor-element elementor-element-ead9607 elementor-widget elementor-widget-text-editor\" data-id=\"ead9607\" data-element_type=\"widget\" data-widget_type=\"text-editor.default\">\n\t\t\t\t<div class=\"elementor-widget-container\">\n\t\t\t\t\t\t\t\t\t<p class=\"p1\"><b>TORRUBIA<\/b> hace de su conocimiento, que sus datos personales no ser\u00e1n divulgados ni compartidos con terceros adicionales, salvo por lo especificado en el presente Aviso de Privacidad y lo que resulte indispensable para el cumplimiento de las obligaciones legales que correspondan.<\/p>\t\t\t\t\t\t\t\t<\/div>\n\t\t\t\t<\/div>\n\t\t\t\t<div class=\"elementor-element elementor-element-5d9aca7 elementor-widget elementor-widget-heading\" data-id=\"5d9aca7\" data-element_type=\"widget\" data-widget_type=\"heading.default\">\n\t\t\t\t<div class=\"elementor-widget-container\">\n\t\t\t\t\t<h2 class=\"elementor-heading-title elementor-size-default\">PROCEDIMIENTO Y MEDIO POR EL CUAL SE COMUNICAR\u00c1N CAMBIOS AL AVISO DE PRIVACIDAD: \n<\/h2>\t\t\t\t<\/div>\n\t\t\t\t<\/div>\n\t\t\t\t<div class=\"elementor-element elementor-element-82bbc17 elementor-widget elementor-widget-text-editor\" data-id=\"82bbc17\" data-element_type=\"widget\" data-widget_type=\"text-editor.default\">\n\t\t\t\t<div class=\"elementor-widget-container\">\n\t\t\t\t\t\t\t\t\t<p class=\"p1\">Cualquier cambio al presente Aviso de Privacidad, ser\u00e1 publicado y puesto a su disposici\u00f3n de manera notoriamente visible en el momento en que se efect\u00fae, en las instalaciones de <b>TORRUBIA <\/b>y en su p\u00e1gina web. En caso de que resulte necesario, con la finalidad de salvaguardar sus derechos, as\u00ed como garantizar su privacidad y la seguridad de sus datos personales, podremos poner a su disposici\u00f3n un nuevo Aviso de Privacidad, mismo que podr\u00e1 requerir nuevamente, el otorgamiento de su consentimiento, si as\u00ed fuera procedente.<\/p>\t\t\t\t\t\t\t\t<\/div>\n\t\t\t\t<\/div>\n\t\t\t\t<div class=\"elementor-element elementor-element-09c54f7 elementor-widget elementor-widget-heading\" data-id=\"09c54f7\" data-element_type=\"widget\" data-widget_type=\"heading.default\">\n\t\t\t\t<div class=\"elementor-widget-container\">\n\t\t\t\t\t<h2 class=\"elementor-heading-title elementor-size-default\">REVOCACI\u00d3N DE SU CONSENTIMIENTO: <\/h2>\t\t\t\t<\/div>\n\t\t\t\t<\/div>\n\t\t\t\t<div class=\"elementor-element elementor-element-4bdf341 elementor-widget elementor-widget-text-editor\" data-id=\"4bdf341\" data-element_type=\"widget\" data-widget_type=\"text-editor.default\">\n\t\t\t\t<div class=\"elementor-widget-container\">\n\t\t\t\t\t\t\t\t\t<p class=\"p1\">En cualquier momento y de manera gratuita, usted podr\u00e1 revocar su consentimiento para que <b>TORRUBIA<\/b> trate sus Datos Personales, siempre y cuando no lo impida una disposici\u00f3n legal, o sea jur\u00eddicamente indispensable seguir tratando los mismos para cumplir cualquier obligaci\u00f3n legal que tengamos con usted; dicha revocaci\u00f3n, en caso de ser procedente, no tendr\u00e1 efectos retroactivos.<\/p><p class=\"p1\">Usted podr\u00e1 solicitar dicha revocaci\u00f3n mediante el siguiente procedimiento:<\/p><ol class=\"ol1\"><li class=\"li3\">Debe enviar un correo electr\u00f3nico a la direcci\u00f3n de correo electr\u00f3nico <a href=\"mailto:transparencia@torrubia.mx\"><span class=\"s1\">transparencia@torrubia.mx<\/span><\/a> indicando como Asunto el siguiente: <i>\u201cRevocaci\u00f3n de consentimiento\u201d<\/i>; debiendo incluir: nombre completo, domicilio, correo electr\u00f3nico y un tel\u00e9fono podamos localizarle.<br \/><br \/><\/li><li class=\"li3\">Una vez realizado lo anterior, le haremos llegar un formato que hemos elaborado para su conveniencia, mismo que usted podr\u00e1 llenar sin ninguna dificultad.<br \/><br \/><\/li><li class=\"li3\">Deber\u00e1 enviar junto con el formato, copia o escaneo de su identificaci\u00f3n oficial con fotograf\u00eda vigente. Adicionalmente, en caso de ser apoderado del titular de datos personales, usted deber\u00e1 adicionar una copia de la escritura p\u00fablica o carta poder otorgada ante dos testigos, donde consten sus facultades para actuar en nombre del titular.<br \/><br \/><i>Nota:<\/i> Podremos requerirle el original de dichos documentos para su cotejo al momento de entregar la respuesta respectiva y hacerla efectiva.<br \/><br \/><\/li><li class=\"li3\">Nuestro Oficial de Privacidad, responder\u00e1 a su solicitud dentro de los veinte d\u00edas h\u00e1biles posteriores a la fecha en que reciba el correo electr\u00f3nico con el formato debidamente requisitado y la documentaci\u00f3n solicitada.<br \/><br \/><\/li><li class=\"li3\">Una vez que hayamos comunicado la respuesta a su solicitud, nuestro Oficial de Privacidad contar\u00e1 con un plazo de quince d\u00edas h\u00e1biles para hacer efectiva la respuesta que se le proporcion\u00f3, y le informar\u00e1 cuando ello haya sido realizado.<br \/><br \/><\/li><li class=\"li3\">Siempre y cuando no exista impedimento legal alguno que nos impida efectuar la limitaci\u00f3n que usted solicite, lo incluiremos en nuestro listado de exclusi\u00f3n y no trataremos sus Datos Personales para dichas finalidades, salvo que usted nuevamente nos lo solicite por escrito.<br \/><br \/><\/li><\/ol><p class=\"p1\">Para mayor informaci\u00f3n, usted puede ponerse en contacto con nuestro Oficial de Privacidad mediante el tel\u00e9fono 3315163153 o el correo electr\u00f3nico: <a href=\"mailto:transparencia@torrubia.mx\"><span class=\"s1\">transparencia@torrubia.mx<\/span><\/a><\/p>\t\t\t\t\t\t\t\t<\/div>\n\t\t\t\t<\/div>\n\t\t\t\t<div class=\"elementor-element elementor-element-82ab8fc elementor-widget elementor-widget-heading\" data-id=\"82ab8fc\" data-element_type=\"widget\" data-widget_type=\"heading.default\">\n\t\t\t\t<div class=\"elementor-widget-container\">\n\t\t\t\t\t<h2 class=\"elementor-heading-title elementor-size-default\">INFORMACI\u00d3N SOBRE EL USO DE COOKIES Y WEB BEACONS:<\/h2>\t\t\t\t<\/div>\n\t\t\t\t<\/div>\n\t\t\t\t<div class=\"elementor-element elementor-element-340fcb9 elementor-widget elementor-widget-text-editor\" data-id=\"340fcb9\" data-element_type=\"widget\" data-widget_type=\"text-editor.default\">\n\t\t\t\t<div class=\"elementor-widget-container\">\n\t\t\t\t\t\t\t\t\t<p class=\"p1\">Le informamos que en caso de acceder a nuestro sitio web, podemos utilizar <i>cookies <\/i>y <i>web beacons <\/i>para obtener informaci\u00f3n personal como la siguiente: su tipo de navegador y sistema operativo; las p\u00e1ginas de Internet que usted visita frecuentemente; los v\u00ednculos que sigue; su direcci\u00f3n IP; el sitio que visit\u00f3 antes del nuestro. Estas <i>cookies <\/i>y otras tecnolog\u00edas pueden ser deshabilitadas. Para conocer c\u00f3mo hacerlo, consulte el manual de su navegador o comun\u00edquese con su proveedor de servicio.<\/p><p>Salvo por el caso en el que hemos solicitado su consentimiento expreso, se entender\u00e1 que usted consiente t\u00e1citamente el tratamiento de sus Datos Personales en t\u00e9rminos del presente Aviso de Privacidad de no manifestar su oposici\u00f3n al mismo.<\/p>\t\t\t\t\t\t\t\t<\/div>\n\t\t\t\t<\/div>\n\t\t\t\t<div class=\"elementor-element elementor-element-00760f6 elementor-widget elementor-widget-heading\" data-id=\"00760f6\" data-element_type=\"widget\" data-widget_type=\"heading.default\">\n\t\t\t\t<div class=\"elementor-widget-container\">\n\t\t\t\t\t<h2 class=\"elementor-heading-title elementor-size-default\">ATENTAMENTE<\/h2>\t\t\t\t<\/div>\n\t\t\t\t<\/div>\n\t\t\t\t<div class=\"elementor-element elementor-element-fd7f18d elementor-widget elementor-widget-heading\" data-id=\"fd7f18d\" data-element_type=\"widget\" data-widget_type=\"heading.default\">\n\t\t\t\t<div class=\"elementor-widget-container\">\n\t\t\t\t\t<h2 class=\"elementor-heading-title elementor-size-default\">APOYOS E IMPULSOS AL MEXICANO TRABAJADOR, S.A.P.I. DE C.V., SOFOM, E.N.R.\n<\/h2>\t\t\t\t<\/div>\n\t\t\t\t<\/div>\n\t\t\t\t<div class=\"elementor-element elementor-element-a563548 elementor-widget elementor-widget-spacer\" data-id=\"a563548\" data-element_type=\"widget\" data-widget_type=\"spacer.default\">\n\t\t\t\t<div class=\"elementor-widget-container\">\n\t\t\t\t\t\t\t<div class=\"elementor-spacer\">\n\t\t\t<div class=\"elementor-spacer-inner\"><\/div>\n\t\t<\/div>\n\t\t\t\t\t\t<\/div>\n\t\t\t\t<\/div>\n\t\t\t\t\t<\/div>\n\t\t\t\t<\/div>\n\t\t\t\t<\/div>\n\t\t","protected":false},"excerpt":{"rendered":"<p>AVISO DE PRIVACIDAD \u00bfQUI\u00c9NES SOMOS? APOYOS E IMPULSOS AL MEXICANO TRABAJADOR, S.A.P.I. DE C.V., SOFOM, E.N.R. (en adelante TORRUBIA), con domicilio en Cubilete 45, Colonia Chapalita Sur, C.P. 45040, Zapopan, Jalisco, en t\u00e9rminos de lo dispuesto por la Ley Federal de Protecci\u00f3n de Datos Personales en Posesi\u00f3n de los Particulares y su Reglamento, extendemos el [&hellip;]<\/p>\n","protected":false},"author":1,"featured_media":0,"parent":0,"menu_order":0,"comment_status":"closed","ping_status":"closed","template":"","meta":{"inline_featured_image":false,"footnotes":""},"class_list":["post-938","page","type-page","status-publish","hentry"],"_links":{"self":[{"href":"https:\/\/torrubia.mx\/index.php?rest_route=\/wp\/v2\/pages\/938","targetHints":{"allow":["GET"]}}],"collection":[{"href":"https:\/\/torrubia.mx\/index.php?rest_route=\/wp\/v2\/pages"}],"about":[{"href":"https:\/\/torrubia.mx\/index.php?rest_route=\/wp\/v2\/types\/page"}],"author":[{"embeddable":true,"href":"https:\/\/torrubia.mx\/index.php?rest_route=\/wp\/v2\/users\/1"}],"replies":[{"embeddable":true,"href":"https:\/\/torrubia.mx\/index.php?rest_route=%2Fwp%2Fv2%2Fcomments&post=938"}],"version-history":[{"count":7,"href":"https:\/\/torrubia.mx\/index.php?rest_route=\/wp\/v2\/pages\/938\/revisions"}],"predecessor-version":[{"id":948,"href":"https:\/\/torrubia.mx\/index.php?rest_route=\/wp\/v2\/pages\/938\/revisions\/948"}],"wp:attachment":[{"href":"https:\/\/torrubia.mx\/index.php?rest_route=%2Fwp%2Fv2%2Fmedia&parent=938"}],"curies":[{"name":"wp","href":"https:\/\/api.w.org\/{rel}","templated":true}]}}