{"id":920,"date":"2024-12-03T23:08:21","date_gmt":"2024-12-03T23:08:21","guid":{"rendered":"https:\/\/torrubia.mx\/?page_id=920"},"modified":"2024-12-04T00:03:33","modified_gmt":"2024-12-04T00:03:33","slug":"terminos-y-condiciones","status":"publish","type":"page","link":"https:\/\/torrubia.mx\/?page_id=920","title":{"rendered":"T\u00e9rminos y Condiciones"},"content":{"rendered":"\t\t<div data-elementor-type=\"wp-page\" data-elementor-id=\"920\" class=\"elementor elementor-920\" data-elementor-post-type=\"page\">\n\t\t\t\t<div class=\"elementor-element elementor-element-1fd107a e-flex e-con-boxed e-con e-parent\" data-id=\"1fd107a\" data-element_type=\"container\">\n\t\t\t\t\t<div class=\"e-con-inner\">\n\t\t\t\t<div class=\"elementor-element elementor-element-9cc6968 elementor-widget elementor-widget-spacer\" data-id=\"9cc6968\" data-element_type=\"widget\" data-widget_type=\"spacer.default\">\n\t\t\t\t<div class=\"elementor-widget-container\">\n\t\t\t\t\t\t\t<div class=\"elementor-spacer\">\n\t\t\t<div class=\"elementor-spacer-inner\"><\/div>\n\t\t<\/div>\n\t\t\t\t\t\t<\/div>\n\t\t\t\t<\/div>\n\t\t\t\t<div class=\"elementor-element elementor-element-3923572 elementor-widget elementor-widget-heading\" data-id=\"3923572\" data-element_type=\"widget\" data-widget_type=\"heading.default\">\n\t\t\t\t<div class=\"elementor-widget-container\">\n\t\t\t\t\t<h2 class=\"elementor-heading-title elementor-size-default\">T\u00e9rminos y Condiciones<\/h2>\t\t\t\t<\/div>\n\t\t\t\t<\/div>\n\t\t\t\t<div class=\"elementor-element elementor-element-1d2f3a5 elementor-widget elementor-widget-text-editor\" data-id=\"1d2f3a5\" data-element_type=\"widget\" data-widget_type=\"text-editor.default\">\n\t\t\t\t<div class=\"elementor-widget-container\">\n\t\t\t\t\t\t\t\t\t<p class=\"p1\">A los Usuarios se les informa los T\u00e9rminos y Condiciones de Uso del Portal \u201cAPOYOS E IMPULSOS AL MEXICANO TRABAJADOR\u201d, S.A.P.I. DE C.V. SOFOM E.N.R. (en adelante los t\u00e9rminos y Condiciones) que, les son aplicables por el simple uso o acceso a cualquiera de las p\u00e1ginas o interfaces que integran el Portal https:\/\/torrubia.mx\/ (el \u00abPortal\u00bb), por lo que \u00e9stos se aceptan por los Usuarios de forma t\u00e1cita e inequ\u00edvoca, as\u00ed como de las manifestaciones que \u00e9stos incluyen y acuerdan obligarse en el cumplimiento de los mismos.<\/p>\t\t\t\t\t\t\t\t<\/div>\n\t\t\t\t<\/div>\n\t\t\t\t<div class=\"elementor-element elementor-element-7e48ea9 elementor-widget elementor-widget-text-editor\" data-id=\"7e48ea9\" data-element_type=\"widget\" data-widget_type=\"text-editor.default\">\n\t\t\t\t<div class=\"elementor-widget-container\">\n\t\t\t\t\t\t\t\t\t<p class=\"p1\">Los productos y servicios financieros (en adelante \u201cServicios\u201d) de \u201cAPOYOS E IMPULSOS AL MEXICANO TRABAJADOR\u201d, S.A.P.I. DE C.V. SOFOM E.N.R. son contratados directamente con personal de \u201cAPOYOS E IMPULSOS AL MEXICANO TRABAJADOR\u201d, S.A.P.I. DE C.V. SOFOM E.N.R. y se sujetan a las disposiciones en espec\u00edfico de los contratos que sean firmados por el Usuario o Cliente.<\/p>\t\t\t\t\t\t\t\t<\/div>\n\t\t\t\t<\/div>\n\t\t\t\t<div class=\"elementor-element elementor-element-8e7ff10 elementor-widget elementor-widget-text-editor\" data-id=\"8e7ff10\" data-element_type=\"widget\" data-widget_type=\"text-editor.default\">\n\t\t\t\t<div class=\"elementor-widget-container\">\n\t\t\t\t\t\t\t\t\t<p class=\"p1\">En caso de no estar de acuerdo con los T\u00e9rminos y Condiciones deber\u00e1 abstenerse de acceder o utilizar el Portal.<\/p>\t\t\t\t\t\t\t\t<\/div>\n\t\t\t\t<\/div>\n\t\t\t\t<div class=\"elementor-element elementor-element-3e8dd99 elementor-widget elementor-widget-text-editor\" data-id=\"3e8dd99\" data-element_type=\"widget\" data-widget_type=\"text-editor.default\">\n\t\t\t\t<div class=\"elementor-widget-container\">\n\t\t\t\t\t\t\t\t\t<p class=\"p1\">\u201cAPOYOS E IMPULSOS AL MEXICANO TRABAJADOR\u201d, S.A.P.I. DE C.V. SOFOM E.N.R. se reserva el derecho de modificar discrecionalmente el contenido y funcionalidad del Portal en cualquier momento, sin necesidad de previo aviso.<\/p>\t\t\t\t\t\t\t\t<\/div>\n\t\t\t\t<\/div>\n\t\t\t\t<div class=\"elementor-element elementor-element-49d9b6d elementor-widget elementor-widget-text-editor\" data-id=\"49d9b6d\" data-element_type=\"widget\" data-widget_type=\"text-editor.default\">\n\t\t\t\t<div class=\"elementor-widget-container\">\n\t\t\t\t\t\t\t\t\t<p class=\"p1\">Este documento indica la fecha de \u00faltima modificaci\u00f3n, mismas que son aceptadas de forma t\u00e1cita por el Usuario al continuar el uso del Portal de \u201cAPOYOS E IMPULSOS AL MEXICANO TRABAJADOR\u201d, S.A.P.I. DE C.V. SOFOM E.N.R.<\/p>\t\t\t\t\t\t\t\t<\/div>\n\t\t\t\t<\/div>\n\t\t\t\t<div class=\"elementor-element elementor-element-156abcb elementor-widget elementor-widget-text-editor\" data-id=\"156abcb\" data-element_type=\"widget\" data-widget_type=\"text-editor.default\">\n\t\t\t\t<div class=\"elementor-widget-container\">\n\t\t\t\t\t\t\t\t\t<p class=\"p1\">El Usuario, entendiendo por este t\u00e9rmino a aquella persona que accede mediante el uso de un equipo de c\u00f3mputo y\/o de comunicaci\u00f3n al Portal, est\u00e1 de acuerdo en no utilizar dispositivos, programas de c\u00f3mputo, software, o cualquier otro medio que pueda interferir tanto en las funcionalidades, actividades y\/u operaciones del Portal como en las bases de datos y\/o informaci\u00f3n que se contenga en el mismo.<\/p>\t\t\t\t\t\t\t\t<\/div>\n\t\t\t\t<\/div>\n\t\t\t\t<div class=\"elementor-element elementor-element-0ef405a elementor-widget elementor-widget-heading\" data-id=\"0ef405a\" data-element_type=\"widget\" data-widget_type=\"heading.default\">\n\t\t\t\t<div class=\"elementor-widget-container\">\n\t\t\t\t\t<h2 class=\"elementor-heading-title elementor-size-default\">DEL USO DEL SITIO<\/h2>\t\t\t\t<\/div>\n\t\t\t\t<\/div>\n\t\t\t\t<div class=\"elementor-element elementor-element-b9ccc75 elementor-widget elementor-widget-text-editor\" data-id=\"b9ccc75\" data-element_type=\"widget\" data-widget_type=\"text-editor.default\">\n\t\t\t\t<div class=\"elementor-widget-container\">\n\t\t\t\t\t\t\t\t\t<p class=\"p1\">Los servicios y contenido de este sitio web, son exclusiva responsabilidad del usuario, quien debe hacer uso de ellos acorde a las funcionalidades permitidas en el propio sitio, por lo que el Usuario se obliga a utilizarlos de modo tal que no atenten contra las normas de uso y convivencia en Internet, las leyes de los Estados Unidos Mexicanos y la legislaci\u00f3n vigente en el pa\u00eds en que el usuario se encuentre al usarlos, las buenas costumbres, la dignidad de la persona y los derechos de terceros.<\/p>\t\t\t\t\t\t\t\t<\/div>\n\t\t\t\t<\/div>\n\t\t\t\t<div class=\"elementor-element elementor-element-b060e4c elementor-widget elementor-widget-heading\" data-id=\"b060e4c\" data-element_type=\"widget\" data-widget_type=\"heading.default\">\n\t\t\t\t<div class=\"elementor-widget-container\">\n\t\t\t\t\t<h2 class=\"elementor-heading-title elementor-size-default\">DE LA CALIDAD DEL CONTENIDO<\/h2>\t\t\t\t<\/div>\n\t\t\t\t<\/div>\n\t\t\t\t<div class=\"elementor-element elementor-element-d11be8a elementor-widget elementor-widget-text-editor\" data-id=\"d11be8a\" data-element_type=\"widget\" data-widget_type=\"text-editor.default\">\n\t\t\t\t<div class=\"elementor-widget-container\">\n\t\t\t\t\t\t\t\t\t<p class=\"p1\">\u201cAPOYOS E IMPULSOS AL MEXICANO TRABAJADOR\u201d, S.A.P.I. DE C.V. SOFOM E.N.R., no ser\u00e1 responsable de cualquier da\u00f1o o perjuicio que sufra el usuario a consecuencia de inexactitudes, consultas realizadas, mal entendimiento del usuario, asesor\u00edas, errores tipogr\u00e1ficos y cambios o mejoras que se realicen a los servicios, contratos y contenidos. Las recomendaciones y ejemplos son de naturaleza informativa y general, por lo que no deben tomarse en cuenta en la toma de decisiones personales ni profesionales. Para ello se debe consultar a un profesional apropiado que pueda asesorar al usuario de acuerdo con sus necesidades espec\u00edficas. El usuario acepta y reconoce que \u201cAPOYOS E IMPULSOS AL MEXICANO TRABAJADOR\u201d, S.A.P.I. DE C.V. SOFOM E.N.R. no ha realizado ninguna solicitud, ofrecimiento o promoci\u00f3n para la captaci\u00f3n de bienes o servicios, seg\u00fan dicho concepto est\u00e1 previsto en la Ley de Instituciones de Cr\u00e9dito, mediante el Portal o cualquier otro medio.<\/p>\t\t\t\t\t\t\t\t<\/div>\n\t\t\t\t<\/div>\n\t\t\t\t<div class=\"elementor-element elementor-element-f79b956 elementor-widget elementor-widget-heading\" data-id=\"f79b956\" data-element_type=\"widget\" data-widget_type=\"heading.default\">\n\t\t\t\t<div class=\"elementor-widget-container\">\n\t\t\t\t\t<h2 class=\"elementor-heading-title elementor-size-default\">COOKIES<\/h2>\t\t\t\t<\/div>\n\t\t\t\t<\/div>\n\t\t\t\t<div class=\"elementor-element elementor-element-9e1677a elementor-widget elementor-widget-text-editor\" data-id=\"9e1677a\" data-element_type=\"widget\" data-widget_type=\"text-editor.default\">\n\t\t\t\t<div class=\"elementor-widget-container\">\n\t\t\t\t\t\t\t\t\t<p class=\"p1\">El usuario que tenga acceso al Portal, acepta recibir las cookies que les transmitan los servidores de \u201cAPOYOS E IMPULSOS AL MEXICANO TRABAJADOR\u201d, S.A.P.I. DE C.V. SOFOM E.N.R. (en adelante \u201cCookie\u201d) significa un archivo de datos que se almacena en el disco duro de la computadora del usuario cuando \u00e9ste tiene acceso al Portal. Las Cookies pueden contener informaci\u00f3n tal como la identificaci\u00f3n proporcionada por el usuario o informaci\u00f3n para rastrear las p\u00e1ginas que el usuario ha visitado. Una Cookie no puede leer los datos o informaci\u00f3n del disco duro del usuario ni leer las Cookies creadas por otros sitios o p\u00e1ginas.<span class=\"s1\">\u202f<\/span><\/p>\t\t\t\t\t\t\t\t<\/div>\n\t\t\t\t<\/div>\n\t\t\t\t<div class=\"elementor-element elementor-element-294e80a elementor-widget elementor-widget-heading\" data-id=\"294e80a\" data-element_type=\"widget\" data-widget_type=\"heading.default\">\n\t\t\t\t<div class=\"elementor-widget-container\">\n\t\t\t\t\t<h2 class=\"elementor-heading-title elementor-size-default\">LEYES APLICABLES Y JURISDICCI\u00d3N<\/h2>\t\t\t\t<\/div>\n\t\t\t\t<\/div>\n\t\t\t\t<div class=\"elementor-element elementor-element-912e0f7 elementor-widget elementor-widget-text-editor\" data-id=\"912e0f7\" data-element_type=\"widget\" data-widget_type=\"text-editor.default\">\n\t\t\t\t<div class=\"elementor-widget-container\">\n\t\t\t\t\t\t\t\t\t<p class=\"p1\">Para la interpretaci\u00f3n, cumplimiento y ejecuci\u00f3n del todo acuerdo entre el Usuario y \u201cAPOYOS E IMPULSOS AL MEXICANO TRABAJADOR\u201d, S.A.P.I. DE C.V. SOFOM E.N.R., las partes est\u00e1n de acuerdo en que ser\u00e1n aplicables las leyes Federales de los Estados Unidos Mexicanos y competentes los tribunales de la Ciudad de Guadalajara, Jalisco, renunciando expresamente a cualquier otro fuero o jurisdicci\u00f3n que pudiera corresponderles debido a sus domicilios presentes o futuros.<\/p>\t\t\t\t\t\t\t\t<\/div>\n\t\t\t\t<\/div>\n\t\t\t\t<div class=\"elementor-element elementor-element-4deec4d elementor-widget elementor-widget-heading\" data-id=\"4deec4d\" data-element_type=\"widget\" data-widget_type=\"heading.default\">\n\t\t\t\t<div class=\"elementor-widget-container\">\n\t\t\t\t\t<h2 class=\"elementor-heading-title elementor-size-default\">DE LA CONFIDENCIALIDAD<\/h2>\t\t\t\t<\/div>\n\t\t\t\t<\/div>\n\t\t\t\t<div class=\"elementor-element elementor-element-6656d46 elementor-widget elementor-widget-text-editor\" data-id=\"6656d46\" data-element_type=\"widget\" data-widget_type=\"text-editor.default\">\n\t\t\t\t<div class=\"elementor-widget-container\">\n\t\t\t\t\t\t\t\t\t<p class=\"p1\">\u201cAPOYOS E IMPULSOS AL MEXICANO TRABAJADOR\u201d, S.A.P.I. DE C.V. SOFOM E.N.R., se compromete a mantener confidencial la informaci\u00f3n que reciba del usuario conforme a las disposiciones legales aplicables, en los Estados Unidos Mexicanos. \u201cAPOYOS E IMPULSOS AL MEXICANO TRABAJADOR\u201d, S.A.P.I. DE C.V. SOFOM E.N.R. no asume ninguna obligaci\u00f3n de mantener confidencial cualquier otra informaci\u00f3n que el usuario proporcione en los chats, formularios o v\u00eda telef\u00f3nica.<\/p>\t\t\t\t\t\t\t\t<\/div>\n\t\t\t\t<\/div>\n\t\t\t\t<div class=\"elementor-element elementor-element-8352d3a elementor-widget elementor-widget-heading\" data-id=\"8352d3a\" data-element_type=\"widget\" data-widget_type=\"heading.default\">\n\t\t\t\t<div class=\"elementor-widget-container\">\n\t\t\t\t\t<h2 class=\"elementor-heading-title elementor-size-default\">CAT<\/h2>\t\t\t\t<\/div>\n\t\t\t\t<\/div>\n\t\t\t\t<div class=\"elementor-element elementor-element-0560d1d elementor-widget elementor-widget-text-editor\" data-id=\"0560d1d\" data-element_type=\"widget\" data-widget_type=\"text-editor.default\">\n\t\t\t\t<div class=\"elementor-widget-container\">\n\t\t\t\t\t\t\t\t\t<p class=\"p1\">El Costo Anual Total de financiamiento expresado en t\u00e9rminos porcentuales anuales que,\u00a0para fines informativos y de comparaci\u00f3n, incorpora la totalidad de los costos y gastos inherentes\u00a0a los cr\u00e9ditos.<\/p><p class=\"p1\">Los porcentajes de CAT que maneja \u201cAPOYOS E IMPULSOS AL MEXICANO TRABAJADOR\u201d, S.A.P.I. DE C.V. SOFOM E.N.R. actualmente comienzan a partir de <span class=\"s1\">______<\/span>% y pueden variar dependiendo el producto ofertado, mismo que podr\u00e1 consultarse directamente con \u201cAPOYOS E IMPULSOS AL MEXICANO TRABAJADOR\u201d, S.A.P.I. DE C.V. SOFOM E.N.R.<\/p>\t\t\t\t\t\t\t\t<\/div>\n\t\t\t\t<\/div>\n\t\t\t\t<div class=\"elementor-element elementor-element-5c43ab7 elementor-widget elementor-widget-text-editor\" data-id=\"5c43ab7\" data-element_type=\"widget\" data-widget_type=\"text-editor.default\">\n\t\t\t\t<div class=\"elementor-widget-container\">\n\t\t\t\t\t\t\t\t\t<p class=\"p1\">\u201cAPOYOS E IMPULSOS AL MEXICANO TRABAJADOR\u201d, S.A.P.I. DE C.V. SOFOM E.N.R. en cumplimiento a lo establecido en la Ley General de Organizaciones y Actividades Auxiliares del Cr\u00e9dito vigente, indica que para su constituci\u00f3n y operaci\u00f3n con el car\u00e1cter de Sociedad Financiera de Objeto M\u00faltiple Entidad No Regulada, no requiere de autorizaci\u00f3n de la Secretar\u00eda de Hacienda y Cr\u00e9dito P\u00fablico y que para la realizaci\u00f3n de sus operaciones est\u00e1 sujeta a la supervisi\u00f3n de la Comisi\u00f3n Nacional Bancaria y de Valores, \u00fanicamente para efectos de lo dispuesto por el art\u00edculo 56 de la Ley referida en materia de prevenci\u00f3n y detecci\u00f3n de operaciones con recursos de procedencia il\u00edcita y financiamiento al terrorismo.<\/p>\t\t\t\t\t\t\t\t<\/div>\n\t\t\t\t<\/div>\n\t\t\t\t<div class=\"elementor-element elementor-element-62dc179 elementor-widget elementor-widget-text-editor\" data-id=\"62dc179\" data-element_type=\"widget\" data-widget_type=\"text-editor.default\">\n\t\t\t\t<div class=\"elementor-widget-container\">\n\t\t\t\t\t\t\t\t\t<p class=\"p1\">Para cualquier duda o aclaraci\u00f3n, puede comunicarse a CONDUSEF: https:\/\/www.condusef.gob.mx<\/p>\t\t\t\t\t\t\t\t<\/div>\n\t\t\t\t<\/div>\n\t\t\t\t<div class=\"elementor-element elementor-element-28c3a20 elementor-widget elementor-widget-spacer\" data-id=\"28c3a20\" data-element_type=\"widget\" data-widget_type=\"spacer.default\">\n\t\t\t\t<div class=\"elementor-widget-container\">\n\t\t\t\t\t\t\t<div class=\"elementor-spacer\">\n\t\t\t<div class=\"elementor-spacer-inner\"><\/div>\n\t\t<\/div>\n\t\t\t\t\t\t<\/div>\n\t\t\t\t<\/div>\n\t\t\t\t\t<\/div>\n\t\t\t\t<\/div>\n\t\t\t\t<\/div>\n\t\t","protected":false},"excerpt":{"rendered":"<p>T\u00e9rminos y Condiciones A los Usuarios se les informa los T\u00e9rminos y Condiciones de Uso del Portal \u201cAPOYOS E IMPULSOS AL MEXICANO TRABAJADOR\u201d, S.A.P.I. DE C.V. SOFOM E.N.R. (en adelante los t\u00e9rminos y Condiciones) que, les son aplicables por el simple uso o acceso a cualquiera de las p\u00e1ginas o interfaces que integran el Portal [&hellip;]<\/p>\n","protected":false},"author":1,"featured_media":0,"parent":0,"menu_order":0,"comment_status":"closed","ping_status":"closed","template":"","meta":{"inline_featured_image":false,"footnotes":""},"class_list":["post-920","page","type-page","status-publish","hentry"],"_links":{"self":[{"href":"https:\/\/torrubia.mx\/index.php?rest_route=\/wp\/v2\/pages\/920","targetHints":{"allow":["GET"]}}],"collection":[{"href":"https:\/\/torrubia.mx\/index.php?rest_route=\/wp\/v2\/pages"}],"about":[{"href":"https:\/\/torrubia.mx\/index.php?rest_route=\/wp\/v2\/types\/page"}],"author":[{"embeddable":true,"href":"https:\/\/torrubia.mx\/index.php?rest_route=\/wp\/v2\/users\/1"}],"replies":[{"embeddable":true,"href":"https:\/\/torrubia.mx\/index.php?rest_route=%2Fwp%2Fv2%2Fcomments&post=920"}],"version-history":[{"count":14,"href":"https:\/\/torrubia.mx\/index.php?rest_route=\/wp\/v2\/pages\/920\/revisions"}],"predecessor-version":[{"id":1042,"href":"https:\/\/torrubia.mx\/index.php?rest_route=\/wp\/v2\/pages\/920\/revisions\/1042"}],"wp:attachment":[{"href":"https:\/\/torrubia.mx\/index.php?rest_route=%2Fwp%2Fv2%2Fmedia&parent=920"}],"curies":[{"name":"wp","href":"https:\/\/api.w.org\/{rel}","templated":true}]}}